{"id":673,"date":"2024-06-27T23:46:35","date_gmt":"2024-06-27T23:46:35","guid":{"rendered":"https:\/\/controlatugobierno.org\/?page_id=673"},"modified":"2025-04-07T18:30:02","modified_gmt":"2025-04-07T18:30:02","slug":"herramientas","status":"publish","type":"page","link":"https:\/\/controlatugobierno.org\/index.php\/herramientas\/","title":{"rendered":"Herramientas"},"content":{"rendered":"\t\t<div data-elementor-type=\"wp-page\" data-elementor-id=\"673\" class=\"elementor elementor-673\" data-elementor-post-type=\"page\">\n\t\t\t\t<div class=\"elementor-element elementor-element-7019e30c e-flex e-con-boxed e-con e-parent\" data-id=\"7019e30c\" data-element_type=\"container\" id=\"biblioteca\" data-settings=\"{&quot;background_background&quot;:&quot;classic&quot;}\">\n\t\t\t\t\t<div class=\"e-con-inner\">\n\t\t<div class=\"elementor-element elementor-element-fedc5af e-con-full e-flex e-con e-child\" data-id=\"fedc5af\" data-element_type=\"container\" data-settings=\"{&quot;background_background&quot;:&quot;classic&quot;}\">\n\t\t\t\t<div class=\"elementor-element elementor-element-669580c elementor-widget elementor-widget-heading\" data-id=\"669580c\" data-element_type=\"widget\" id=\"biblioteca\" data-widget_type=\"heading.default\">\n\t\t\t\t<div class=\"elementor-widget-container\">\n\t\t\t<style>\/*! elementor - v3.22.0 - 26-06-2024 *\/\n.elementor-heading-title{padding:0;margin:0;line-height:1}.elementor-widget-heading .elementor-heading-title[class*=elementor-size-]>a{color:inherit;font-size:inherit;line-height:inherit}.elementor-widget-heading .elementor-heading-title.elementor-size-small{font-size:15px}.elementor-widget-heading .elementor-heading-title.elementor-size-medium{font-size:19px}.elementor-widget-heading .elementor-heading-title.elementor-size-large{font-size:29px}.elementor-widget-heading .elementor-heading-title.elementor-size-xl{font-size:39px}.elementor-widget-heading .elementor-heading-title.elementor-size-xxl{font-size:59px}<\/style><h2 class=\"elementor-heading-title elementor-size-default\">Conoce nuestras publicaciones<\/h2>\t\t<\/div>\n\t\t\t\t<\/div>\n\t\t\t\t<\/div>\n\t\t<div class=\"elementor-element elementor-element-b7fd1aa e-con-full e-flex e-con e-child\" data-id=\"b7fd1aa\" data-element_type=\"container\">\n\t\t<div class=\"elementor-element elementor-element-13c06475 e-con-full e-flex e-con e-child\" data-id=\"13c06475\" data-element_type=\"container\">\n\t\t\t\t<div class=\"elementor-element elementor-element-c2ad5fb elementor-position-left elementor-position-left elementor-vertical-align-top elementor-widget__width-initial elementor-vertical-align-top elementor-widget elementor-widget-image-box\" data-id=\"c2ad5fb\" data-element_type=\"widget\" data-widget_type=\"image-box.default\">\n\t\t\t\t<div class=\"elementor-widget-container\">\n\t\t\t<style>\/*! elementor - v3.22.0 - 26-06-2024 *\/\n.elementor-widget-image-box .elementor-image-box-content{width:100%}@media (min-width:768px){.elementor-widget-image-box.elementor-position-left .elementor-image-box-wrapper,.elementor-widget-image-box.elementor-position-right .elementor-image-box-wrapper{display:flex}.elementor-widget-image-box.elementor-position-right .elementor-image-box-wrapper{text-align:end;flex-direction:row-reverse}.elementor-widget-image-box.elementor-position-left .elementor-image-box-wrapper{text-align:start;flex-direction:row}.elementor-widget-image-box.elementor-position-top .elementor-image-box-img{margin:auto}.elementor-widget-image-box.elementor-vertical-align-top .elementor-image-box-wrapper{align-items:flex-start}.elementor-widget-image-box.elementor-vertical-align-middle .elementor-image-box-wrapper{align-items:center}.elementor-widget-image-box.elementor-vertical-align-bottom .elementor-image-box-wrapper{align-items:flex-end}}@media (max-width:767px){.elementor-widget-image-box .elementor-image-box-img{margin-left:auto!important;margin-right:auto!important;margin-bottom:15px}}.elementor-widget-image-box .elementor-image-box-img{display:inline-block}.elementor-widget-image-box .elementor-image-box-title a{color:inherit}.elementor-widget-image-box .elementor-image-box-wrapper{text-align:center}.elementor-widget-image-box .elementor-image-box-description{margin:0}<\/style><div class=\"elementor-image-box-wrapper\"><figure class=\"elementor-image-box-img\"><a href=\"https:\/\/controlatugobierno.org\/wp-content\/uploads\/2024\/07\/GUIA-SCAA_web-1.pdf\" tabindex=\"-1\"><img fetchpriority=\"high\" decoding=\"async\" width=\"1166\" height=\"1129\" src=\"https:\/\/controlatugobierno.org\/wp-content\/uploads\/2024\/07\/Captura-de-pantalla-2024-07-26-220643.png\" class=\"attachment-full size-full wp-image-792\" alt=\"\" srcset=\"https:\/\/controlatugobierno.org\/wp-content\/uploads\/2024\/07\/Captura-de-pantalla-2024-07-26-220643.png 1166w, https:\/\/controlatugobierno.org\/wp-content\/uploads\/2024\/07\/Captura-de-pantalla-2024-07-26-220643-300x290.png 300w, https:\/\/controlatugobierno.org\/wp-content\/uploads\/2024\/07\/Captura-de-pantalla-2024-07-26-220643-1024x992.png 1024w, https:\/\/controlatugobierno.org\/wp-content\/uploads\/2024\/07\/Captura-de-pantalla-2024-07-26-220643-768x744.png 768w\" sizes=\"(max-width: 1166px) 100vw, 1166px\" \/><\/a><\/figure><div class=\"elementor-image-box-content\"><h3 class=\"elementor-image-box-title\"><a href=\"https:\/\/controlatugobierno.org\/wp-content\/uploads\/2024\/07\/GUIA-SCAA_web-1.pdf\">Descarga gratis<\/a><\/h3><p class=\"elementor-image-box-description\">Gu\u00eda integral para la\n\nadministraci\u00f3n de los Sistemas y\nComit\u00e9s Aut\u00f3nomos de Agua<\/p><\/div><\/div>\t\t<\/div>\n\t\t\t\t<\/div>\n\t\t\t\t<div class=\"elementor-element elementor-element-6a4ac65 elementor-widget__width-initial elementor-widget elementor-widget-image\" data-id=\"6a4ac65\" data-element_type=\"widget\" data-widget_type=\"image.default\">\n\t\t\t\t<div class=\"elementor-widget-container\">\n\t\t\t<style>\/*! elementor - v3.22.0 - 26-06-2024 *\/\n.elementor-widget-image{text-align:center}.elementor-widget-image a{display:inline-block}.elementor-widget-image a img[src$=\".svg\"]{width:48px}.elementor-widget-image img{vertical-align:middle;display:inline-block}<\/style>\t\t\t\t\t\t\t<figure class=\"wp-caption\">\n\t\t\t\t\t\t\t\t\t\t\t<a href=\"https:\/\/controlatugobierno.org\/wp-content\/uploads\/2024\/11\/Construir-anticorrupcion_-Acciones-colectivas-para-erradicar-el-impacto-diferenciado-de-la-corrupcion-en-Mexico.pdf\">\n\t\t\t\t\t\t\t<img decoding=\"async\" width=\"1183\" height=\"1111\" src=\"https:\/\/controlatugobierno.org\/wp-content\/uploads\/2024\/11\/Captura-de-pantalla-2024-11-26-164816.png\" class=\"attachment-full size-full wp-image-847\" alt=\"\" srcset=\"https:\/\/controlatugobierno.org\/wp-content\/uploads\/2024\/11\/Captura-de-pantalla-2024-11-26-164816.png 1183w, https:\/\/controlatugobierno.org\/wp-content\/uploads\/2024\/11\/Captura-de-pantalla-2024-11-26-164816-300x282.png 300w, https:\/\/controlatugobierno.org\/wp-content\/uploads\/2024\/11\/Captura-de-pantalla-2024-11-26-164816-1024x962.png 1024w, https:\/\/controlatugobierno.org\/wp-content\/uploads\/2024\/11\/Captura-de-pantalla-2024-11-26-164816-768x721.png 768w\" sizes=\"(max-width: 1183px) 100vw, 1183px\" \/>\t\t\t\t\t\t\t\t<\/a>\n\t\t\t\t\t\t\t\t\t\t\t<figcaption class=\"widget-image-caption wp-caption-text\">Descarga nuestra investigaci\u00f3n \"Construir anticorrupci\u00f3n: Acciones colectivas para erradicar el impacto diferenciado de la corrupci\u00f3n en M\u00e9xico\".<\/figcaption>\n\t\t\t\t\t\t\t\t\t\t<\/figure>\n\t\t\t\t\t\t\t<\/div>\n\t\t\t\t<\/div>\n\t\t\t\t<\/div>\n\t\t<div class=\"elementor-element elementor-element-9a0cc56 e-con-full e-flex e-con e-child\" data-id=\"9a0cc56\" data-element_type=\"container\">\n\t\t\t\t<div class=\"elementor-element elementor-element-3d640ff elementor-widget__width-initial elementor-widget elementor-widget-image\" data-id=\"3d640ff\" data-element_type=\"widget\" data-widget_type=\"image.default\">\n\t\t\t\t<div class=\"elementor-widget-container\">\n\t\t\t\t\t\t\t\t\t\t\t\t\t<img decoding=\"async\" width=\"290\" height=\"350\" src=\"https:\/\/controlatugobierno.org\/wp-content\/uploads\/2024\/06\/Biblioteca3.png\" class=\"attachment-full size-full wp-image-679\" alt=\"\" srcset=\"https:\/\/controlatugobierno.org\/wp-content\/uploads\/2024\/06\/Biblioteca3.png 290w, https:\/\/controlatugobierno.org\/wp-content\/uploads\/2024\/06\/Biblioteca3-249x300.png 249w\" sizes=\"(max-width: 290px) 100vw, 290px\" \/>\t\t\t\t\t\t\t\t\t\t\t\t\t<\/div>\n\t\t\t\t<\/div>\n\t\t\t\t<div class=\"elementor-element elementor-element-5f40e1f elementor-widget__width-initial elementor-widget elementor-widget-image\" data-id=\"5f40e1f\" data-element_type=\"widget\" data-widget_type=\"image.default\">\n\t\t\t\t<div class=\"elementor-widget-container\">\n\t\t\t\t\t\t\t\t\t\t\t\t\t<img loading=\"lazy\" decoding=\"async\" width=\"290\" height=\"350\" src=\"https:\/\/controlatugobierno.org\/wp-content\/uploads\/2024\/06\/Biblioteca4.png\" class=\"attachment-full size-full wp-image-678\" alt=\"\" srcset=\"https:\/\/controlatugobierno.org\/wp-content\/uploads\/2024\/06\/Biblioteca4.png 290w, https:\/\/controlatugobierno.org\/wp-content\/uploads\/2024\/06\/Biblioteca4-249x300.png 249w\" sizes=\"(max-width: 290px) 100vw, 290px\" \/>\t\t\t\t\t\t\t\t\t\t\t\t\t<\/div>\n\t\t\t\t<\/div>\n\t\t\t\t<div class=\"elementor-element elementor-element-92a89be elementor-widget__width-initial elementor-widget elementor-widget-image\" data-id=\"92a89be\" data-element_type=\"widget\" data-widget_type=\"image.default\">\n\t\t\t\t<div class=\"elementor-widget-container\">\n\t\t\t\t\t\t\t\t\t\t\t\t\t<img loading=\"lazy\" decoding=\"async\" width=\"290\" height=\"350\" src=\"https:\/\/controlatugobierno.org\/wp-content\/uploads\/2024\/06\/Biblioteca5.png\" class=\"attachment-full size-full wp-image-677\" alt=\"\" srcset=\"https:\/\/controlatugobierno.org\/wp-content\/uploads\/2024\/06\/Biblioteca5.png 290w, https:\/\/controlatugobierno.org\/wp-content\/uploads\/2024\/06\/Biblioteca5-249x300.png 249w\" sizes=\"(max-width: 290px) 100vw, 290px\" \/>\t\t\t\t\t\t\t\t\t\t\t\t\t<\/div>\n\t\t\t\t<\/div>\n\t\t\t\t<\/div>\n\t\t\t\t<\/div>\n\t\t\t\t<div class=\"elementor-element elementor-element-d8515ae elementor-widget__width-initial elementor-widget elementor-widget-image\" data-id=\"d8515ae\" data-element_type=\"widget\" data-widget_type=\"image.default\">\n\t\t\t\t<div class=\"elementor-widget-container\">\n\t\t\t\t\t\t\t\t\t\t<figure class=\"wp-caption\">\n\t\t\t\t\t\t\t\t\t\t\t<a href=\"https:\/\/controlatugobierno.org\/wp-content\/uploads\/2025\/04\/Diagnostico-de-la-denuncia-ciudadana_FINAL.pdf\">\n\t\t\t\t\t\t\t<img loading=\"lazy\" decoding=\"async\" width=\"150\" height=\"150\" src=\"https:\/\/controlatugobierno.org\/wp-content\/uploads\/2025\/04\/Captura-de-pantalla-2025-04-07-122509-150x150.png\" class=\"attachment-thumbnail size-thumbnail wp-image-860\" alt=\"\" \/>\t\t\t\t\t\t\t\t<\/a>\n\t\t\t\t\t\t\t\t\t\t\t<figcaption class=\"widget-image-caption wp-caption-text\">Diagn\u00f3stico sobre denuncia ciudadana: Hacia un mecanismo accesible, inclusivo e integral. <\/figcaption>\n\t\t\t\t\t\t\t\t\t\t<\/figure>\n\t\t\t\t\t\t\t<\/div>\n\t\t\t\t<\/div>\n\t\t\t\t\t<\/div>\n\t\t\t\t<\/div>\n\t\t<div class=\"elementor-element elementor-element-8ef3c2f e-con-full e-flex e-con e-parent\" data-id=\"8ef3c2f\" data-element_type=\"container\" id=\"biblio\" data-settings=\"{&quot;background_background&quot;:&quot;classic&quot;}\">\n\t\t\t\t<div class=\"elementor-element elementor-element-76676eb elementor-widget elementor-widget-heading\" data-id=\"76676eb\" data-element_type=\"widget\" data-widget_type=\"heading.default\">\n\t\t\t\t<div class=\"elementor-widget-container\">\n\t\t\t<h2 class=\"elementor-heading-title elementor-size-default\">Bibliograf\u00eda<\/h2>\t\t<\/div>\n\t\t\t\t<\/div>\n\t\t<div class=\"elementor-element elementor-element-606ff12 e-con-full e-flex e-con e-child\" data-id=\"606ff12\" data-element_type=\"container\">\n\t\t\t\t<div class=\"elementor-element elementor-element-0607798 elementor-widget__width-initial elementor-widget elementor-widget-image\" data-id=\"0607798\" data-element_type=\"widget\" data-widget_type=\"image.default\">\n\t\t\t\t<div class=\"elementor-widget-container\">\n\t\t\t\t\t\t\t\t\t\t\t\t\t<img loading=\"lazy\" decoding=\"async\" width=\"290\" height=\"350\" src=\"https:\/\/controlatugobierno.org\/wp-content\/uploads\/2024\/06\/Biblioteca12.png\" class=\"attachment-full size-full wp-image-693\" alt=\"\" srcset=\"https:\/\/controlatugobierno.org\/wp-content\/uploads\/2024\/06\/Biblioteca12.png 290w, https:\/\/controlatugobierno.org\/wp-content\/uploads\/2024\/06\/Biblioteca12-249x300.png 249w\" sizes=\"(max-width: 290px) 100vw, 290px\" \/>\t\t\t\t\t\t\t\t\t\t\t\t\t<\/div>\n\t\t\t\t<\/div>\n\t\t\t\t<div class=\"elementor-element elementor-element-b8262a0 elementor-widget__width-initial elementor-widget elementor-widget-image\" data-id=\"b8262a0\" data-element_type=\"widget\" data-widget_type=\"image.default\">\n\t\t\t\t<div class=\"elementor-widget-container\">\n\t\t\t\t\t\t\t\t\t\t\t\t\t<img loading=\"lazy\" decoding=\"async\" width=\"290\" height=\"350\" src=\"https:\/\/controlatugobierno.org\/wp-content\/uploads\/2024\/06\/Biblioteca8.png\" class=\"attachment-full size-full wp-image-697\" alt=\"\" srcset=\"https:\/\/controlatugobierno.org\/wp-content\/uploads\/2024\/06\/Biblioteca8.png 290w, https:\/\/controlatugobierno.org\/wp-content\/uploads\/2024\/06\/Biblioteca8-249x300.png 249w\" sizes=\"(max-width: 290px) 100vw, 290px\" \/>\t\t\t\t\t\t\t\t\t\t\t\t\t<\/div>\n\t\t\t\t<\/div>\n\t\t\t\t<div class=\"elementor-element elementor-element-fc576a0 elementor-widget__width-initial elementor-widget elementor-widget-image\" data-id=\"fc576a0\" data-element_type=\"widget\" data-widget_type=\"image.default\">\n\t\t\t\t<div class=\"elementor-widget-container\">\n\t\t\t\t\t\t\t\t\t\t\t\t\t<img loading=\"lazy\" decoding=\"async\" width=\"290\" height=\"350\" src=\"https:\/\/controlatugobierno.org\/wp-content\/uploads\/2024\/06\/Biblioteca11.png\" class=\"attachment-full size-full wp-image-694\" alt=\"\" srcset=\"https:\/\/controlatugobierno.org\/wp-content\/uploads\/2024\/06\/Biblioteca11.png 290w, https:\/\/controlatugobierno.org\/wp-content\/uploads\/2024\/06\/Biblioteca11-249x300.png 249w\" sizes=\"(max-width: 290px) 100vw, 290px\" \/>\t\t\t\t\t\t\t\t\t\t\t\t\t<\/div>\n\t\t\t\t<\/div>\n\t\t\t\t<div class=\"elementor-element elementor-element-c3feb9f elementor-widget__width-initial elementor-widget elementor-widget-image\" data-id=\"c3feb9f\" data-element_type=\"widget\" data-widget_type=\"image.default\">\n\t\t\t\t<div class=\"elementor-widget-container\">\n\t\t\t\t\t\t\t\t\t\t\t\t\t<img loading=\"lazy\" decoding=\"async\" width=\"290\" height=\"350\" src=\"https:\/\/controlatugobierno.org\/wp-content\/uploads\/2024\/06\/Biblioteca10.png\" class=\"attachment-full size-full wp-image-695\" alt=\"\" srcset=\"https:\/\/controlatugobierno.org\/wp-content\/uploads\/2024\/06\/Biblioteca10.png 290w, https:\/\/controlatugobierno.org\/wp-content\/uploads\/2024\/06\/Biblioteca10-249x300.png 249w\" sizes=\"(max-width: 290px) 100vw, 290px\" \/>\t\t\t\t\t\t\t\t\t\t\t\t\t<\/div>\n\t\t\t\t<\/div>\n\t\t\t\t<div class=\"elementor-element elementor-element-031c008 elementor-widget__width-initial elementor-widget elementor-widget-image\" data-id=\"031c008\" data-element_type=\"widget\" data-widget_type=\"image.default\">\n\t\t\t\t<div class=\"elementor-widget-container\">\n\t\t\t\t\t\t\t\t\t\t\t\t\t<img loading=\"lazy\" decoding=\"async\" width=\"290\" height=\"350\" src=\"https:\/\/controlatugobierno.org\/wp-content\/uploads\/2024\/06\/Biblioteca7.png\" class=\"attachment-full size-full wp-image-698\" alt=\"\" srcset=\"https:\/\/controlatugobierno.org\/wp-content\/uploads\/2024\/06\/Biblioteca7.png 290w, https:\/\/controlatugobierno.org\/wp-content\/uploads\/2024\/06\/Biblioteca7-249x300.png 249w\" sizes=\"(max-width: 290px) 100vw, 290px\" \/>\t\t\t\t\t\t\t\t\t\t\t\t\t<\/div>\n\t\t\t\t<\/div>\n\t\t\t\t<\/div>\n\t\t\t\t<\/div>\n\t\t<div class=\"elementor-element elementor-element-595bb10 e-flex e-con-boxed e-con e-parent\" data-id=\"595bb10\" data-element_type=\"container\" id=\"repositorio\" data-settings=\"{&quot;background_background&quot;:&quot;classic&quot;}\">\n\t\t\t\t\t<div class=\"e-con-inner\">\n\t\t<div class=\"elementor-element elementor-element-22e2384 e-con-full e-flex e-con e-child\" data-id=\"22e2384\" data-element_type=\"container\" data-settings=\"{&quot;background_background&quot;:&quot;classic&quot;}\">\n\t\t\t\t<div class=\"elementor-element elementor-element-0a2c34e elementor-widget elementor-widget-heading\" data-id=\"0a2c34e\" data-element_type=\"widget\" data-widget_type=\"heading.default\">\n\t\t\t\t<div class=\"elementor-widget-container\">\n\t\t\t<h2 class=\"elementor-heading-title elementor-size-default\">Nuestro trabajo<\/h2>\t\t<\/div>\n\t\t\t\t<\/div>\n\t\t\t\t<\/div>\n\t\t<div class=\"elementor-element elementor-element-bf21432 e-con-full e-flex e-con e-child\" data-id=\"bf21432\" data-element_type=\"container\">\n\t\t<div class=\"elementor-element elementor-element-4dddc7f e-con-full e-flex e-con e-child\" data-id=\"4dddc7f\" data-element_type=\"container\">\n\t\t\t\t<div class=\"elementor-element elementor-element-853658e elementor-widget__width-initial elementor-widget elementor-widget-image\" data-id=\"853658e\" data-element_type=\"widget\" data-widget_type=\"image.default\">\n\t\t\t\t<div class=\"elementor-widget-container\">\n\t\t\t\t\t\t\t\t\t\t\t\t\t<img loading=\"lazy\" decoding=\"async\" width=\"290\" height=\"350\" src=\"https:\/\/controlatugobierno.org\/wp-content\/uploads\/2024\/06\/Biblioteca13.png\" class=\"attachment-full size-full wp-image-707\" alt=\"\" srcset=\"https:\/\/controlatugobierno.org\/wp-content\/uploads\/2024\/06\/Biblioteca13.png 290w, https:\/\/controlatugobierno.org\/wp-content\/uploads\/2024\/06\/Biblioteca13-249x300.png 249w\" sizes=\"(max-width: 290px) 100vw, 290px\" \/>\t\t\t\t\t\t\t\t\t\t\t\t\t<\/div>\n\t\t\t\t<\/div>\n\t\t\t\t<div class=\"elementor-element elementor-element-57b1ed3 elementor-widget__width-initial elementor-widget elementor-widget-image\" data-id=\"57b1ed3\" data-element_type=\"widget\" data-widget_type=\"image.default\">\n\t\t\t\t<div class=\"elementor-widget-container\">\n\t\t\t\t\t\t\t\t\t\t\t\t\t<img loading=\"lazy\" decoding=\"async\" width=\"290\" height=\"350\" src=\"https:\/\/controlatugobierno.org\/wp-content\/uploads\/2024\/06\/Biblioteca14.png\" class=\"attachment-full size-full wp-image-706\" alt=\"\" srcset=\"https:\/\/controlatugobierno.org\/wp-content\/uploads\/2024\/06\/Biblioteca14.png 290w, https:\/\/controlatugobierno.org\/wp-content\/uploads\/2024\/06\/Biblioteca14-249x300.png 249w\" sizes=\"(max-width: 290px) 100vw, 290px\" \/>\t\t\t\t\t\t\t\t\t\t\t\t\t<\/div>\n\t\t\t\t<\/div>\n\t\t\t\t<div class=\"elementor-element elementor-element-32ff73c elementor-widget__width-initial elementor-widget elementor-widget-image\" data-id=\"32ff73c\" data-element_type=\"widget\" data-widget_type=\"image.default\">\n\t\t\t\t<div class=\"elementor-widget-container\">\n\t\t\t\t\t\t\t\t\t\t\t\t\t<img loading=\"lazy\" decoding=\"async\" width=\"290\" height=\"350\" src=\"https:\/\/controlatugobierno.org\/wp-content\/uploads\/2024\/06\/Biblioteca15.png\" class=\"attachment-full size-full wp-image-705\" alt=\"\" srcset=\"https:\/\/controlatugobierno.org\/wp-content\/uploads\/2024\/06\/Biblioteca15.png 290w, https:\/\/controlatugobierno.org\/wp-content\/uploads\/2024\/06\/Biblioteca15-249x300.png 249w\" sizes=\"(max-width: 290px) 100vw, 290px\" \/>\t\t\t\t\t\t\t\t\t\t\t\t\t<\/div>\n\t\t\t\t<\/div>\n\t\t\t\t<\/div>\n\t\t<div class=\"elementor-element elementor-element-5ff62e7 e-con-full e-flex e-con e-child\" data-id=\"5ff62e7\" data-element_type=\"container\">\n\t\t\t\t<div class=\"elementor-element elementor-element-73b5ca3 elementor-widget__width-initial elementor-widget elementor-widget-image\" data-id=\"73b5ca3\" data-element_type=\"widget\" data-widget_type=\"image.default\">\n\t\t\t\t<div class=\"elementor-widget-container\">\n\t\t\t\t\t\t\t\t\t\t\t\t\t<img loading=\"lazy\" decoding=\"async\" width=\"290\" height=\"350\" src=\"https:\/\/controlatugobierno.org\/wp-content\/uploads\/2024\/06\/Biblioteca16.png\" class=\"attachment-full size-full wp-image-704\" alt=\"\" srcset=\"https:\/\/controlatugobierno.org\/wp-content\/uploads\/2024\/06\/Biblioteca16.png 290w, https:\/\/controlatugobierno.org\/wp-content\/uploads\/2024\/06\/Biblioteca16-249x300.png 249w\" sizes=\"(max-width: 290px) 100vw, 290px\" \/>\t\t\t\t\t\t\t\t\t\t\t\t\t<\/div>\n\t\t\t\t<\/div>\n\t\t\t\t<div class=\"elementor-element elementor-element-8b2df54 elementor-widget__width-initial elementor-widget elementor-widget-image\" data-id=\"8b2df54\" data-element_type=\"widget\" data-widget_type=\"image.default\">\n\t\t\t\t<div class=\"elementor-widget-container\">\n\t\t\t\t\t\t\t\t\t\t\t\t\t<img loading=\"lazy\" decoding=\"async\" width=\"290\" height=\"350\" src=\"https:\/\/controlatugobierno.org\/wp-content\/uploads\/2024\/06\/Biblioteca17.png\" class=\"attachment-full size-full wp-image-703\" alt=\"\" srcset=\"https:\/\/controlatugobierno.org\/wp-content\/uploads\/2024\/06\/Biblioteca17.png 290w, https:\/\/controlatugobierno.org\/wp-content\/uploads\/2024\/06\/Biblioteca17-249x300.png 249w\" sizes=\"(max-width: 290px) 100vw, 290px\" \/>\t\t\t\t\t\t\t\t\t\t\t\t\t<\/div>\n\t\t\t\t<\/div>\n\t\t\t\t<div class=\"elementor-element elementor-element-9b1d1cc elementor-widget__width-initial elementor-widget elementor-widget-image\" data-id=\"9b1d1cc\" data-element_type=\"widget\" data-widget_type=\"image.default\">\n\t\t\t\t<div class=\"elementor-widget-container\">\n\t\t\t\t\t\t\t\t\t\t\t\t\t<img loading=\"lazy\" decoding=\"async\" width=\"290\" height=\"350\" src=\"https:\/\/controlatugobierno.org\/wp-content\/uploads\/2024\/06\/Biblioteca18.png\" class=\"attachment-full size-full wp-image-702\" alt=\"\" srcset=\"https:\/\/controlatugobierno.org\/wp-content\/uploads\/2024\/06\/Biblioteca18.png 290w, https:\/\/controlatugobierno.org\/wp-content\/uploads\/2024\/06\/Biblioteca18-249x300.png 249w\" sizes=\"(max-width: 290px) 100vw, 290px\" \/>\t\t\t\t\t\t\t\t\t\t\t\t\t<\/div>\n\t\t\t\t<\/div>\n\t\t\t\t<\/div>\n\t\t\t\t<\/div>\n\t\t\t\t\t<\/div>\n\t\t\t\t<\/div>\n\t\t\t\t<\/div>\n\t\t","protected":false},"excerpt":{"rendered":"<p>Conoce nuestras publicaciones Descarga gratis Gu\u00eda integral para la administraci\u00f3n de los Sistemas y Comit\u00e9s Aut\u00f3nomos de Agua Descarga nuestra investigaci\u00f3n &#8220;Construir anticorrupci\u00f3n: Acciones colectivas para erradicar el impacto diferenciado de la corrupci\u00f3n en M\u00e9xico&#8221;. Diagn\u00f3stico sobre denuncia ciudadana: Hacia un mecanismo accesible, inclusivo e integral. Bibliograf\u00eda Nuestro trabajo<\/p>\n","protected":false},"author":1,"featured_media":0,"parent":0,"menu_order":0,"comment_status":"closed","ping_status":"closed","template":"elementor_header_footer","meta":{"footnotes":""},"class_list":["post-673","page","type-page","status-publish","hentry"],"_links":{"self":[{"href":"https:\/\/controlatugobierno.org\/index.php\/wp-json\/wp\/v2\/pages\/673","targetHints":{"allow":["GET"]}}],"collection":[{"href":"https:\/\/controlatugobierno.org\/index.php\/wp-json\/wp\/v2\/pages"}],"about":[{"href":"https:\/\/controlatugobierno.org\/index.php\/wp-json\/wp\/v2\/types\/page"}],"author":[{"embeddable":true,"href":"https:\/\/controlatugobierno.org\/index.php\/wp-json\/wp\/v2\/users\/1"}],"replies":[{"embeddable":true,"href":"https:\/\/controlatugobierno.org\/index.php\/wp-json\/wp\/v2\/comments?post=673"}],"version-history":[{"count":35,"href":"https:\/\/controlatugobierno.org\/index.php\/wp-json\/wp\/v2\/pages\/673\/revisions"}],"predecessor-version":[{"id":882,"href":"https:\/\/controlatugobierno.org\/index.php\/wp-json\/wp\/v2\/pages\/673\/revisions\/882"}],"wp:attachment":[{"href":"https:\/\/controlatugobierno.org\/index.php\/wp-json\/wp\/v2\/media?parent=673"}],"curies":[{"name":"wp","href":"https:\/\/api.w.org\/{rel}","templated":true}]}}