{"id":718,"date":"2024-06-28T03:17:05","date_gmt":"2024-06-28T03:17:05","guid":{"rendered":"https:\/\/controlatugobierno.org\/?page_id=718"},"modified":"2024-06-28T04:54:32","modified_gmt":"2024-06-28T04:54:32","slug":"sumate","status":"publish","type":"page","link":"https:\/\/controlatugobierno.org\/index.php\/sumate\/","title":{"rendered":"S\u00famate"},"content":{"rendered":"\t\t<div data-elementor-type=\"wp-page\" data-elementor-id=\"718\" class=\"elementor elementor-718\" data-elementor-post-type=\"page\">\n\t\t\t\t<div class=\"elementor-element elementor-element-67e8a25 e-flex e-con-boxed e-con e-parent\" data-id=\"67e8a25\" data-element_type=\"container\" id=\"voluntariado\" data-settings=\"{&quot;background_background&quot;:&quot;classic&quot;}\">\n\t\t\t\t\t<div class=\"e-con-inner\">\n\t\t<div class=\"elementor-element elementor-element-b883b2e e-con-full e-flex e-con e-child\" data-id=\"b883b2e\" data-element_type=\"container\">\n\t\t\t\t<div class=\"elementor-element elementor-element-c2fc504 elementor-widget elementor-widget-heading\" data-id=\"c2fc504\" data-element_type=\"widget\" data-widget_type=\"heading.default\">\n\t\t\t\t<div class=\"elementor-widget-container\">\n\t\t\t<style>\/*! elementor - v3.22.0 - 26-06-2024 *\/\n.elementor-heading-title{padding:0;margin:0;line-height:1}.elementor-widget-heading .elementor-heading-title[class*=elementor-size-]>a{color:inherit;font-size:inherit;line-height:inherit}.elementor-widget-heading .elementor-heading-title.elementor-size-small{font-size:15px}.elementor-widget-heading .elementor-heading-title.elementor-size-medium{font-size:19px}.elementor-widget-heading .elementor-heading-title.elementor-size-large{font-size:29px}.elementor-widget-heading .elementor-heading-title.elementor-size-xl{font-size:39px}.elementor-widget-heading .elementor-heading-title.elementor-size-xxl{font-size:59px}<\/style><h2 class=\"elementor-heading-title elementor-size-default\">S\u00famate como voluntaria o voluntario<\/h2>\t\t<\/div>\n\t\t\t\t<\/div>\n\t\t\t\t<div class=\"elementor-element elementor-element-e9ff183 elementor-widget elementor-widget-heading\" data-id=\"e9ff183\" data-element_type=\"widget\" data-widget_type=\"heading.default\">\n\t\t\t\t<div class=\"elementor-widget-container\">\n\t\t\t<h2 class=\"elementor-heading-title elementor-size-default\">Nuestras opciones de voluntariado te dar\u00e1n la oportunidad de contribuir a nuestra causa y a desarrollarte haciendo uso de tus talentos y habilidades personales. \u00a1Invol\u00facrate desde el \u00e1rea que m\u00e1s te inspire!<\/h2>\t\t<\/div>\n\t\t\t\t<\/div>\n\t\t\t\t<\/div>\n\t\t<div class=\"elementor-element elementor-element-b647165 e-flex e-con-boxed e-con e-child\" data-id=\"b647165\" data-element_type=\"container\">\n\t\t\t\t\t<div class=\"e-con-inner\">\n\t\t\t\t<div class=\"elementor-element elementor-element-e6f90b1 elementor-widget__width-auto elementor-widget elementor-widget-text-editor\" data-id=\"e6f90b1\" data-element_type=\"widget\" data-widget_type=\"text-editor.default\">\n\t\t\t\t<div class=\"elementor-widget-container\">\n\t\t\t<style>\/*! elementor - v3.22.0 - 26-06-2024 *\/\n.elementor-widget-text-editor.elementor-drop-cap-view-stacked .elementor-drop-cap{background-color:#69727d;color:#fff}.elementor-widget-text-editor.elementor-drop-cap-view-framed .elementor-drop-cap{color:#69727d;border:3px solid;background-color:transparent}.elementor-widget-text-editor:not(.elementor-drop-cap-view-default) .elementor-drop-cap{margin-top:8px}.elementor-widget-text-editor:not(.elementor-drop-cap-view-default) .elementor-drop-cap-letter{width:1em;height:1em}.elementor-widget-text-editor .elementor-drop-cap{float:left;text-align:center;line-height:1;font-size:50px}.elementor-widget-text-editor .elementor-drop-cap-letter{display:inline-block}<\/style>\t\t\t\t<h3><strong>Aplica<\/strong><\/h3><p>Env\u00edanos un correo a convocatoria@controlatugobierno.com<\/p><h3><strong>Conoce<\/strong><\/h3><p>Nos pondremos en contacto contigo para platicar sobre c\u00f3mo puedes sumarte como voluntario desde tu \u00e1rea de inter\u00e9s.<\/p><h3><strong>Comienza<\/strong><\/h3><p>\u00danete al equipo y s\u00famate a nuestra causa.<\/p>\t\t\t\t\t\t<\/div>\n\t\t\t\t<\/div>\n\t\t\t\t\t<\/div>\n\t\t\t\t<\/div>\n\t\t\t\t\t<\/div>\n\t\t\t\t<\/div>\n\t\t<div class=\"elementor-element elementor-element-82c9f5e e-flex e-con-boxed e-con e-parent\" data-id=\"82c9f5e\" data-element_type=\"container\" id=\"empleo\">\n\t\t\t\t\t<div class=\"e-con-inner\">\n\t\t\t\t<div class=\"elementor-element elementor-element-bfc1116 elementor-widget elementor-widget-heading\" data-id=\"bfc1116\" data-element_type=\"widget\" data-widget_type=\"heading.default\">\n\t\t\t\t<div class=\"elementor-widget-container\">\n\t\t\t<h2 class=\"elementor-heading-title elementor-size-default\">Forma parte del <br>equipo de colaboradores<\/h2>\t\t<\/div>\n\t\t\t\t<\/div>\n\t\t\t\t<div class=\"elementor-element elementor-element-6618bcd elementor-widget elementor-widget-text-editor\" data-id=\"6618bcd\" data-element_type=\"widget\" data-widget_type=\"text-editor.default\">\n\t\t\t\t<div class=\"elementor-widget-container\">\n\t\t\t\t\t\t\t<div style=\"box-sizing: border-box; --flex-direction: initial; --flex-wrap: initial; --justify-content: initial; --align-items: initial; --align-content: initial; --gap: initial; --flex-basis: initial; --flex-grow: initial; --flex-shrink: initial; --order: initial; --align-self: initial; flex-basis: var(--flex-basis); flex-grow: var(--flex-grow); flex-shrink: var(--flex-shrink); order: var(--order); align-self: var(--align-self); flex-direction: var(--flex-direction); flex-wrap: var(--flex-wrap); justify-content: var(--justify-content); align-items: var(--align-items); align-content: var(--align-content); gap: var(--gap); position: relative; --swiper-theme-color: #000; --swiper-navigation-size: 44px; --swiper-pagination-bullet-size: 6px; --swiper-pagination-bullet-horizontal-gap: 6px; --widgets-spacing: 20px 20px; width: 1120px; margin-bottom: 20px; margin-block-end: 20px; --spacer-size: 50px; color: #000000; font-family: Rubik, sans-serif; font-size: medium; font-style: normal; font-variant-ligatures: normal; font-variant-caps: normal; font-weight: 400; letter-spacing: normal; orphans: 2; text-align: start; text-indent: 0px; text-transform: none; widows: 2; word-spacing: 0px; -webkit-text-stroke-width: 0px; white-space: normal; background-color: #ffffff; text-decoration-thickness: initial; text-decoration-style: initial; text-decoration-color: initial;\" data-id=\"2c7adf02\" data-element_type=\"widget\" data-widget_type=\"spacer.default\"><div style=\"box-sizing: border-box; transition: background .3s,border .3s,border-radius .3s,box-shadow .3s,transform var(--e-transform-transition-duration,.4s);\"><div style=\"box-sizing: border-box;\">\u00a0<\/div><\/div><\/div><div style=\"box-sizing: border-box; --flex-direction: initial; --flex-wrap: initial; --justify-content: initial; --align-items: initial; --align-content: initial; --gap: initial; --flex-basis: initial; --flex-grow: initial; --flex-shrink: initial; --order: initial; --align-self: initial; flex-basis: var(--flex-basis); flex-grow: var(--flex-grow); flex-shrink: var(--flex-shrink); order: var(--order); align-self: var(--align-self); flex-direction: var(--flex-direction); flex-wrap: var(--flex-wrap); justify-content: var(--justify-content); align-items: var(--align-items); align-content: var(--align-content); gap: var(--gap); position: relative; --swiper-theme-color: #000; --swiper-navigation-size: 44px; --swiper-pagination-bullet-size: 6px; --swiper-pagination-bullet-horizontal-gap: 6px; --widgets-spacing: 20px 20px; width: 1120px; margin-bottom: 20px; margin-block-end: 20px; text-align: center; orphans: 2; text-indent: 0px; widows: 2; background-color: #ffffff; text-decoration-thickness: initial; text-decoration-style: initial; text-decoration-color: initial; white-space: normal; -webkit-text-stroke-width: 0px; word-spacing: 0px; text-transform: none; letter-spacing: normal; font-weight: 400; font-variant-caps: normal; font-variant-ligatures: normal; font-style: normal; font-size: medium; font-family: Rubik, sans-serif; color: #000000;\" data-id=\"66b4aeaf\" data-element_type=\"widget\" data-widget_type=\"heading.default\"><div style=\"box-sizing: border-box; transition: background .3s,border .3s,border-radius .3s,box-shadow .3s,transform var(--e-transform-transition-duration,.4s);\"><h4 style=\"box-sizing: border-box; padding: 0px; margin: 0px; line-height: 1; color: #007680; font-family: Lexend, sans-serif; font-weight: 300; font-size: 37px;\">Te estamos buscando, post\u00falate<\/h4><\/div><\/div>\t\t\t\t\t\t<\/div>\n\t\t\t\t<\/div>\n\t\t\t\t<div class=\"elementor-element elementor-element-f05b18b elementor-widget elementor-widget-heading\" data-id=\"f05b18b\" data-element_type=\"widget\" data-widget_type=\"heading.default\">\n\t\t\t\t<div class=\"elementor-widget-container\">\n\t\t\t<h2 class=\"elementor-heading-title elementor-size-default\">\u00bfQuieres trabajar con nosotras, pero no hay convocatorias abiertas?\n\u00a1Env\u00edanos tu perfil a convocatoria@controlatugobierno.com para tomarte en cuenta!<\/h2>\t\t<\/div>\n\t\t\t\t<\/div>\n\t\t\t\t\t<\/div>\n\t\t\t\t<\/div>\n\t\t\t\t<\/div>\n\t\t","protected":false},"excerpt":{"rendered":"<p>S\u00famate como voluntaria o voluntario Nuestras opciones de voluntariado te dar\u00e1n la oportunidad de contribuir a nuestra causa y a desarrollarte haciendo uso de tus talentos y habilidades personales. \u00a1Invol\u00facrate desde el \u00e1rea que m\u00e1s te inspire! Aplica Env\u00edanos un correo a convocatoria@controlatugobierno.com Conoce Nos pondremos en contacto contigo para platicar sobre c\u00f3mo puedes sumarte [&hellip;]<\/p>\n","protected":false},"author":1,"featured_media":0,"parent":0,"menu_order":0,"comment_status":"closed","ping_status":"closed","template":"elementor_header_footer","meta":{"footnotes":""},"class_list":["post-718","page","type-page","status-publish","hentry"],"_links":{"self":[{"href":"https:\/\/controlatugobierno.org\/index.php\/wp-json\/wp\/v2\/pages\/718","targetHints":{"allow":["GET"]}}],"collection":[{"href":"https:\/\/controlatugobierno.org\/index.php\/wp-json\/wp\/v2\/pages"}],"about":[{"href":"https:\/\/controlatugobierno.org\/index.php\/wp-json\/wp\/v2\/types\/page"}],"author":[{"embeddable":true,"href":"https:\/\/controlatugobierno.org\/index.php\/wp-json\/wp\/v2\/users\/1"}],"replies":[{"embeddable":true,"href":"https:\/\/controlatugobierno.org\/index.php\/wp-json\/wp\/v2\/comments?post=718"}],"version-history":[{"count":28,"href":"https:\/\/controlatugobierno.org\/index.php\/wp-json\/wp\/v2\/pages\/718\/revisions"}],"predecessor-version":[{"id":759,"href":"https:\/\/controlatugobierno.org\/index.php\/wp-json\/wp\/v2\/pages\/718\/revisions\/759"}],"wp:attachment":[{"href":"https:\/\/controlatugobierno.org\/index.php\/wp-json\/wp\/v2\/media?parent=718"}],"curies":[{"name":"wp","href":"https:\/\/api.w.org\/{rel}","templated":true}]}}